{"id":1452,"date":"2025-02-10T11:46:18","date_gmt":"2025-02-10T11:46:18","guid":{"rendered":"https:\/\/www.mrsimone.com.tr\/cart\/"},"modified":"2025-02-10T11:46:18","modified_gmt":"2025-02-10T11:46:18","slug":"cart","status":"publish","type":"page","link":"https:\/\/www.mrsimone.com.tr\/en\/cart\/","title":{"rendered":"Cart"},"content":{"rendered":"<div data-block-name=\"woocommerce\/cart\" class=\"wp-block-woocommerce-cart alignwide is-loading\"><div data-block-name=\"woocommerce\/filled-cart-block\" class=\"wp-block-woocommerce-filled-cart-block\"><div data-block-name=\"woocommerce\/cart-items-block\" class=\"wp-block-woocommerce-cart-items-block\"><div data-block-name=\"woocommerce\/cart-line-items-block\" class=\"wp-block-woocommerce-cart-line-items-block\"><\/div>\n\n<div data-block-name=\"woocommerce\/cart-cross-sells-block\" class=\"wp-block-woocommerce-cart-cross-sells-block\"><h2 class=\"wp-block-heading has-large-font-size\">\u0130lginizi \u00e7ekebilir\u2026<\/h2>\n\n<div data-block-name=\"woocommerce\/cart-cross-sells-products-block\" class=\"wp-block-woocommerce-cart-cross-sells-products-block\"><\/div><\/div><\/div>\n\n<div data-block-name=\"woocommerce\/cart-totals-block\" class=\"wp-block-woocommerce-cart-totals-block\"><div data-block-name=\"woocommerce\/cart-order-summary-block\" class=\"wp-block-woocommerce-cart-order-summary-block\"><div data-block-name=\"woocommerce\/cart-order-summary-heading-block\" class=\"wp-block-woocommerce-cart-order-summary-heading-block\"><\/div><div data-block-name=\"woocommerce\/cart-order-summary-coupon-form-block\" class=\"wp-block-woocommerce-cart-order-summary-coupon-form-block\"><\/div><div data-block-name=\"woocommerce\/cart-order-summary-totals-block\" class=\"wp-block-woocommerce-cart-order-summary-totals-block\">\n<div data-block-name=\"woocommerce\/cart-order-summary-subtotal-block\" class=\"wp-block-woocommerce-cart-order-summary-subtotal-block\"><\/div>\n<div data-block-name=\"woocommerce\/cart-order-summary-discount-block\" class=\"wp-block-woocommerce-cart-order-summary-discount-block\"><\/div>\n<div data-block-name=\"woocommerce\/cart-order-summary-fee-block\" class=\"wp-block-woocommerce-cart-order-summary-fee-block\"><\/div>\n<div data-block-name=\"woocommerce\/cart-order-summary-shipping-block\" class=\"wp-block-woocommerce-cart-order-summary-shipping-block\"><\/div>\n<div data-block-name=\"woocommerce\/cart-order-summary-taxes-block\" class=\"wp-block-woocommerce-cart-order-summary-taxes-block\"><\/div><\/div><\/div>\n\n<div data-block-name=\"woocommerce\/cart-express-payment-block\" class=\"wp-block-woocommerce-cart-express-payment-block\"><\/div>\n\n<div data-block-name=\"woocommerce\/proceed-to-checkout-block\" class=\"wp-block-woocommerce-proceed-to-checkout-block\"><\/div>\n\n<div data-block-name=\"woocommerce\/cart-accepted-payment-methods-block\" class=\"wp-block-woocommerce-cart-accepted-payment-methods-block\"><\/div><\/div><\/div>\n\n<div data-block-name=\"woocommerce\/empty-cart-block\" class=\"wp-block-woocommerce-empty-cart-block\"><h2 class=\"wp-block-heading has-text-align-center with-empty-cart-icon wc-block-cart__empty-cart__title\">Sepetiniz \u015fu anda bo\u015f!<\/h2>\n\n<hr class=\"wp-block-separator has-alpha-channel-opacity is-style-dots\"\/>\n\n<h2 class=\"wp-block-heading has-text-align-center\">Ma\u011fazada yeni<\/h2>\n\n<div data-block-name=\"woocommerce\/product-new\" data-columns=\"4\" data-rows=\"1\" class=\"wc-block-grid wp-block-product-new wp-block-woocommerce-product-new wc-block-product-new has-4-columns\"><ul class=\"wc-block-grid__products\"><li class=\"wc-block-grid__product\">\n\t\t\t\t<a href=\"https:\/\/www.mrsimone.com.tr\/en\/magaza\/paste\/pistachio-paste\/\" class=\"wc-block-grid__product-link\">\n\t\t\t\t\t\n\t\t\t\t\t<div class=\"wc-block-grid__product-image\"><img fetchpriority=\"high\" decoding=\"async\" width=\"1000\" height=\"1500\" src=\"https:\/\/www.mrsimone.com.tr\/wp-content\/uploads\/2025\/02\/pistachio-1-1000x1500.jpeg\" class=\"attachment-woocommerce_thumbnail size-woocommerce_thumbnail\" alt=\"Mr Simone Antep F\u0131st\u0131\u011f\u0131 Ezmesi\" srcset=\"https:\/\/www.mrsimone.com.tr\/wp-content\/uploads\/2025\/02\/pistachio-1-1000x1500.jpeg 1000w, https:\/\/www.mrsimone.com.tr\/wp-content\/uploads\/2025\/02\/pistachio-1-200x300.jpeg 200w, https:\/\/www.mrsimone.com.tr\/wp-content\/uploads\/2025\/02\/pistachio-1-683x1024.jpeg 683w, https:\/\/www.mrsimone.com.tr\/wp-content\/uploads\/2025\/02\/pistachio-1-768x1152.jpeg 768w, https:\/\/www.mrsimone.com.tr\/wp-content\/uploads\/2025\/02\/pistachio-1-1024x1536.jpeg 1024w, https:\/\/www.mrsimone.com.tr\/wp-content\/uploads\/2025\/02\/pistachio-1-1366x2048.jpeg 1366w, https:\/\/www.mrsimone.com.tr\/wp-content\/uploads\/2025\/02\/pistachio-1-scaled.jpeg 1707w\" sizes=\"(max-width: 1000px) 100vw, 1000px\" \/><\/div>\n\t\t\t\t\t<div class=\"wc-block-grid__product-title\">Pistachio Paste<\/div>\n\t\t\t\t<\/a>\n\t\t\t\t<div class=\"wc-block-grid__product-price price\"><span class=\"woocommerce-Price-amount amount\">600.00<span class=\"woocommerce-Price-currencySymbol\">&#8378;<\/span><\/span> &ndash; <span class=\"woocommerce-Price-amount amount\">1,200.00<span class=\"woocommerce-Price-currencySymbol\">&#8378;<\/span><\/span><\/div>\n\t\t\t\t\n\t\t\t\t<div class=\"wp-block-button wc-block-grid__product-add-to-cart\"><a href=\"https:\/\/www.mrsimone.com.tr\/en\/magaza\/paste\/pistachio-paste\/\" aria-label=\"Select options for &ldquo;Pistachio Paste&rdquo;\" data-quantity=\"1\" data-product_id=\"2689\" data-product_sku=\"\" data-price=\"600\" rel=\"nofollow\" class=\"wp-block-button__link  add_to_cart_button\">Select options<\/a><\/div>\n\t\t\t<\/li><li class=\"wc-block-grid__product\">\n\t\t\t\t<a href=\"https:\/\/www.mrsimone.com.tr\/en\/magaza\/paste\/coconut-paste\/\" class=\"wc-block-grid__product-link\">\n\t\t\t\t\t\n\t\t\t\t\t<div class=\"wc-block-grid__product-image\"><img decoding=\"async\" width=\"1000\" height=\"1500\" src=\"https:\/\/www.mrsimone.com.tr\/wp-content\/uploads\/2025\/02\/coconut-1-1000x1500.jpeg\" class=\"attachment-woocommerce_thumbnail size-woocommerce_thumbnail\" alt=\"Mr Simone Hindistan Cevizi Ezmesi\" srcset=\"https:\/\/www.mrsimone.com.tr\/wp-content\/uploads\/2025\/02\/coconut-1-1000x1500.jpeg 1000w, https:\/\/www.mrsimone.com.tr\/wp-content\/uploads\/2025\/02\/coconut-1-200x300.jpeg 200w, https:\/\/www.mrsimone.com.tr\/wp-content\/uploads\/2025\/02\/coconut-1-683x1024.jpeg 683w, https:\/\/www.mrsimone.com.tr\/wp-content\/uploads\/2025\/02\/coconut-1-768x1152.jpeg 768w, https:\/\/www.mrsimone.com.tr\/wp-content\/uploads\/2025\/02\/coconut-1-1024x1536.jpeg 1024w, https:\/\/www.mrsimone.com.tr\/wp-content\/uploads\/2025\/02\/coconut-1-1366x2048.jpeg 1366w, https:\/\/www.mrsimone.com.tr\/wp-content\/uploads\/2025\/02\/coconut-1-scaled.jpeg 1707w\" sizes=\"(max-width: 1000px) 100vw, 1000px\" \/><\/div>\n\t\t\t\t\t<div class=\"wc-block-grid__product-title\">Coconut Paste<\/div>\n\t\t\t\t<\/a>\n\t\t\t\t<div class=\"wc-block-grid__product-price price\"><span class=\"woocommerce-Price-amount amount\">500.00<span class=\"woocommerce-Price-currencySymbol\">&#8378;<\/span><\/span> &ndash; <span class=\"woocommerce-Price-amount amount\">1,000.00<span class=\"woocommerce-Price-currencySymbol\">&#8378;<\/span><\/span><\/div>\n\t\t\t\t\n\t\t\t\t<div class=\"wp-block-button wc-block-grid__product-add-to-cart\"><a href=\"https:\/\/www.mrsimone.com.tr\/en\/magaza\/paste\/coconut-paste\/\" aria-label=\"Select options for &ldquo;Coconut Paste&rdquo;\" data-quantity=\"1\" data-product_id=\"2668\" data-product_sku=\"\" data-price=\"500\" rel=\"nofollow\" class=\"wp-block-button__link  add_to_cart_button\">Select options<\/a><\/div>\n\t\t\t<\/li><li class=\"wc-block-grid__product\">\n\t\t\t\t<a href=\"https:\/\/www.mrsimone.com.tr\/en\/magaza\/porcelain\/coffee-cup-set\/\" class=\"wc-block-grid__product-link\">\n\t\t\t\t\t\n\t\t\t\t\t<div class=\"wc-block-grid__product-image\"><img decoding=\"async\" width=\"1000\" height=\"1500\" src=\"https:\/\/www.mrsimone.com.tr\/wp-content\/uploads\/2025\/02\/Kahve-Fincan-Seti-1000x1500.jpeg\" class=\"attachment-woocommerce_thumbnail size-woocommerce_thumbnail\" alt=\"Mr Simone Porselen Kahve Fincan Seti\" srcset=\"https:\/\/www.mrsimone.com.tr\/wp-content\/uploads\/2025\/02\/Kahve-Fincan-Seti-1000x1500.jpeg 1000w, https:\/\/www.mrsimone.com.tr\/wp-content\/uploads\/2025\/02\/Kahve-Fincan-Seti-200x300.jpeg 200w, https:\/\/www.mrsimone.com.tr\/wp-content\/uploads\/2025\/02\/Kahve-Fincan-Seti-683x1024.jpeg 683w, https:\/\/www.mrsimone.com.tr\/wp-content\/uploads\/2025\/02\/Kahve-Fincan-Seti-768x1152.jpeg 768w, https:\/\/www.mrsimone.com.tr\/wp-content\/uploads\/2025\/02\/Kahve-Fincan-Seti-1024x1536.jpeg 1024w, https:\/\/www.mrsimone.com.tr\/wp-content\/uploads\/2025\/02\/Kahve-Fincan-Seti-1365x2048.jpeg 1365w, https:\/\/www.mrsimone.com.tr\/wp-content\/uploads\/2025\/02\/Kahve-Fincan-Seti-scaled.jpeg 1707w\" sizes=\"(max-width: 1000px) 100vw, 1000px\" \/><\/div>\n\t\t\t\t\t<div class=\"wc-block-grid__product-title\">Coffee Cup Set<\/div>\n\t\t\t\t<\/a>\n\t\t\t\t<div class=\"wc-block-grid__product-price price\"><span class=\"woocommerce-Price-amount amount\">600.00<span class=\"woocommerce-Price-currencySymbol\">&#8378;<\/span><\/span><\/div>\n\t\t\t\t\n\t\t\t\t<div class=\"wp-block-button wc-block-grid__product-add-to-cart\"><a href=\"\" aria-label=\"Buy &ldquo;Coffee Cup Set&rdquo;\" data-quantity=\"1\" data-product_id=\"2360\" data-product_sku=\"\" data-price=\"600\" rel=\"nofollow\" class=\"wp-block-button__link  add_to_cart_button\">Buy product<\/a><\/div>\n\t\t\t<\/li><li class=\"wc-block-grid__product\">\n\t\t\t\t<a href=\"https:\/\/www.mrsimone.com.tr\/en\/magaza\/olive-oil\/olive-oil\/\" class=\"wc-block-grid__product-link\">\n\t\t\t\t\t\n\t\t\t\t\t<div class=\"wc-block-grid__product-image\"><img loading=\"lazy\" decoding=\"async\" width=\"1000\" height=\"1500\" src=\"https:\/\/www.mrsimone.com.tr\/wp-content\/uploads\/2025\/02\/WhatsApp-Image-2024-12-24-at-13.32.05-2-1000x1500.jpeg\" class=\"attachment-woocommerce_thumbnail size-woocommerce_thumbnail\" alt=\"Mr Simone Zeytinya\u011f\u0131\" srcset=\"https:\/\/www.mrsimone.com.tr\/wp-content\/uploads\/2025\/02\/WhatsApp-Image-2024-12-24-at-13.32.05-2-1000x1500.jpeg 1000w, https:\/\/www.mrsimone.com.tr\/wp-content\/uploads\/2025\/02\/WhatsApp-Image-2024-12-24-at-13.32.05-2-200x300.jpeg 200w, https:\/\/www.mrsimone.com.tr\/wp-content\/uploads\/2025\/02\/WhatsApp-Image-2024-12-24-at-13.32.05-2-683x1024.jpeg 683w, https:\/\/www.mrsimone.com.tr\/wp-content\/uploads\/2025\/02\/WhatsApp-Image-2024-12-24-at-13.32.05-2-768x1152.jpeg 768w, https:\/\/www.mrsimone.com.tr\/wp-content\/uploads\/2025\/02\/WhatsApp-Image-2024-12-24-at-13.32.05-2-1024x1536.jpeg 1024w, https:\/\/www.mrsimone.com.tr\/wp-content\/uploads\/2025\/02\/WhatsApp-Image-2024-12-24-at-13.32.05-2-1366x2048.jpeg 1366w, https:\/\/www.mrsimone.com.tr\/wp-content\/uploads\/2025\/02\/WhatsApp-Image-2024-12-24-at-13.32.05-2-scaled.jpeg 1707w\" sizes=\"(max-width: 1000px) 100vw, 1000px\" \/><\/div>\n\t\t\t\t\t<div class=\"wc-block-grid__product-title\">Olive Oil<\/div>\n\t\t\t\t<\/a>\n\t\t\t\t<div class=\"wc-block-grid__product-price price\"><span class=\"woocommerce-Price-amount amount\">375.00<span class=\"woocommerce-Price-currencySymbol\">&#8378;<\/span><\/span> &ndash; <span class=\"woocommerce-Price-amount amount\">750.00<span class=\"woocommerce-Price-currencySymbol\">&#8378;<\/span><\/span><\/div>\n\t\t\t\t\n\t\t\t\t<div class=\"wp-block-button wc-block-grid__product-add-to-cart\"><a href=\"https:\/\/www.mrsimone.com.tr\/en\/magaza\/olive-oil\/olive-oil\/\" aria-label=\"Select options for &ldquo;Olive Oil&rdquo;\" data-quantity=\"1\" data-product_id=\"2215\" data-product_sku=\"\" data-price=\"375\" rel=\"nofollow\" class=\"wp-block-button__link  add_to_cart_button\">Select options<\/a><\/div>\n\t\t\t<\/li><\/ul><\/div><\/div><\/div>","protected":false},"excerpt":{"rendered":"","protected":false},"author":1,"featured_media":0,"parent":0,"menu_order":0,"comment_status":"closed","ping_status":"closed","template":"","meta":{"footnotes":""},"class_list":["post-1452","page","type-page","status-publish","hentry"],"_links":{"self":[{"href":"https:\/\/www.mrsimone.com.tr\/en\/wp-json\/wp\/v2\/pages\/1452","targetHints":{"allow":["GET"]}}],"collection":[{"href":"https:\/\/www.mrsimone.com.tr\/en\/wp-json\/wp\/v2\/pages"}],"about":[{"href":"https:\/\/www.mrsimone.com.tr\/en\/wp-json\/wp\/v2\/types\/page"}],"author":[{"embeddable":true,"href":"https:\/\/www.mrsimone.com.tr\/en\/wp-json\/wp\/v2\/users\/1"}],"replies":[{"embeddable":true,"href":"https:\/\/www.mrsimone.com.tr\/en\/wp-json\/wp\/v2\/comments?post=1452"}],"version-history":[{"count":0,"href":"https:\/\/www.mrsimone.com.tr\/en\/wp-json\/wp\/v2\/pages\/1452\/revisions"}],"wp:attachment":[{"href":"https:\/\/www.mrsimone.com.tr\/en\/wp-json\/wp\/v2\/media?parent=1452"}],"curies":[{"name":"wp","href":"https:\/\/api.w.org\/{rel}","templated":true}]}}