{"id":2668,"date":"2025-02-28T20:29:21","date_gmt":"2025-02-28T20:29:21","guid":{"rendered":"https:\/\/www.mrsimone.com.tr\/product\/hindistan-cevizi-ezmesi\/"},"modified":"2025-02-28T20:53:54","modified_gmt":"2025-02-28T20:53:54","slug":"coconut-paste","status":"publish","type":"product","link":"https:\/\/www.mrsimone.com.tr\/en\/magaza\/paste\/coconut-paste\/","title":{"rendered":"Coconut Paste"},"content":{"rendered":"\t\t<div data-elementor-type=\"wp-post\" data-elementor-id=\"2668\" class=\"elementor elementor-2668 elementor-2648\">\n\t\t\t\t\t\t<section class=\"elementor-section elementor-top-section elementor-element elementor-element-f956695 elementor-section-boxed elementor-section-height-default elementor-section-height-default\" data-id=\"f956695\" data-element_type=\"section\" data-settings=\"{&quot;background_background&quot;:&quot;classic&quot;,&quot;wdt_bg_image&quot;:{&quot;url&quot;:&quot;&quot;,&quot;id&quot;:&quot;&quot;,&quot;size&quot;:&quot;&quot;},&quot;wdt_bg_image_laptop&quot;:{&quot;url&quot;:&quot;&quot;,&quot;id&quot;:&quot;&quot;,&quot;size&quot;:&quot;&quot;},&quot;wdt_bg_image_tablet_extra&quot;:{&quot;url&quot;:&quot;&quot;,&quot;id&quot;:&quot;&quot;,&quot;size&quot;:&quot;&quot;},&quot;wdt_bg_image_tablet&quot;:{&quot;url&quot;:&quot;&quot;,&quot;id&quot;:&quot;&quot;,&quot;size&quot;:&quot;&quot;},&quot;wdt_bg_image_mobile_extra&quot;:{&quot;url&quot;:&quot;&quot;,&quot;id&quot;:&quot;&quot;,&quot;size&quot;:&quot;&quot;},&quot;wdt_bg_image_mobile&quot;:{&quot;url&quot;:&quot;&quot;,&quot;id&quot;:&quot;&quot;,&quot;size&quot;:&quot;&quot;},&quot;wdt_bg_position&quot;:&quot;center center&quot;,&quot;wdt_animation_effect&quot;:&quot;none&quot;}\">\n\t\t\t\t\t\t<div class=\"elementor-container elementor-column-gap-no\">\n\t\t\t\t\t<div class=\"elementor-column elementor-col-100 elementor-top-column elementor-element elementor-element-8598fc4\" data-id=\"8598fc4\" data-element_type=\"column\" data-settings=\"{&quot;background_background&quot;:&quot;classic&quot;}\">\n\t\t\t<div class=\"elementor-widget-wrap elementor-element-populated\">\n\t\t\t\t\t\t<section class=\"elementor-section elementor-inner-section elementor-element elementor-element-cf81e80 elementor-section-full_width elementor-section-height-default elementor-section-height-default\" data-id=\"cf81e80\" data-element_type=\"section\" data-settings=\"{&quot;wdt_bg_image&quot;:{&quot;url&quot;:&quot;&quot;,&quot;id&quot;:&quot;&quot;,&quot;size&quot;:&quot;&quot;},&quot;wdt_bg_image_laptop&quot;:{&quot;url&quot;:&quot;&quot;,&quot;id&quot;:&quot;&quot;,&quot;size&quot;:&quot;&quot;},&quot;wdt_bg_image_tablet_extra&quot;:{&quot;url&quot;:&quot;&quot;,&quot;id&quot;:&quot;&quot;,&quot;size&quot;:&quot;&quot;},&quot;wdt_bg_image_tablet&quot;:{&quot;url&quot;:&quot;&quot;,&quot;id&quot;:&quot;&quot;,&quot;size&quot;:&quot;&quot;},&quot;wdt_bg_image_mobile_extra&quot;:{&quot;url&quot;:&quot;&quot;,&quot;id&quot;:&quot;&quot;,&quot;size&quot;:&quot;&quot;},&quot;wdt_bg_image_mobile&quot;:{&quot;url&quot;:&quot;&quot;,&quot;id&quot;:&quot;&quot;,&quot;size&quot;:&quot;&quot;},&quot;wdt_bg_position&quot;:&quot;center center&quot;,&quot;wdt_animation_effect&quot;:&quot;none&quot;}\">\n\t\t\t\t\t\t<div class=\"elementor-container elementor-column-gap-no\">\n\t\t\t\t\t<div class=\"wdt-sticky-column elementor-column elementor-col-50 elementor-inner-column elementor-element elementor-element-f86874e\" data-wdt-settings=\"{&quot;id&quot;:&quot;f86874e&quot;,&quot;sticky&quot;:true,&quot;topSpacing&quot;:100,&quot;bottomSpacing&quot;:20,&quot;stickyOn&quot;:[&quot;desktop&quot;,&quot;laptop&quot;,&quot;tablet_extra&quot;],&quot;overflowHidden&quot;:false}\" data-id=\"f86874e\" data-element_type=\"column\" data-settings=\"{&quot;background_background&quot;:&quot;classic&quot;}\">\n\t\t\t<div class=\"elementor-widget-wrap elementor-element-populated\">\n\t\t\t\t\t\t<div class=\"elementor-element elementor-element-957ca72 elementor-widget elementor-widget-wdt-shop-product-single-images-carousel\" data-id=\"957ca72\" data-element_type=\"widget\" data-settings=\"{&quot;wdt_animation_effect&quot;:&quot;none&quot;}\" data-widget_type=\"wdt-shop-product-single-images-carousel.default\">\n\t\t\t\t<div class=\"elementor-widget-container\">\n\t\t\t\t\tPlease provide product id to display corresponding data!\t\t\t\t<\/div>\n\t\t\t\t<\/div>\n\t\t\t\t<div class=\"elementor-element elementor-element-6546aef elementor-widget__width-auto elementor-absolute elementor-widget elementor-widget-image\" data-id=\"6546aef\" data-element_type=\"widget\" data-settings=\"{&quot;_position&quot;:&quot;absolute&quot;,&quot;wdt_animation_effect&quot;:&quot;none&quot;}\" data-widget_type=\"image.default\">\n\t\t\t\t<div class=\"elementor-widget-container\">\n\t\t\t\t\t\t\t\t\t\t\t\t\t\t\t<img fetchpriority=\"high\" decoding=\"async\" width=\"779\" height=\"645\" src=\"https:\/\/www.mrsimone.com.tr\/wp-content\/uploads\/2023\/03\/Shop-Detail-Bg.png\" class=\"attachment-full size-full wp-image-1528\" alt=\"\" srcset=\"https:\/\/www.mrsimone.com.tr\/wp-content\/uploads\/2023\/03\/Shop-Detail-Bg.png 779w, https:\/\/www.mrsimone.com.tr\/wp-content\/uploads\/2023\/03\/Shop-Detail-Bg-300x248.png 300w, https:\/\/www.mrsimone.com.tr\/wp-content\/uploads\/2023\/03\/Shop-Detail-Bg-768x636.png 768w\" sizes=\"(max-width: 779px) 100vw, 779px\" \/>\t\t\t\t\t\t\t\t\t\t\t\t\t\t\t<\/div>\n\t\t\t\t<\/div>\n\t\t\t\t\t<\/div>\n\t\t<\/div>\n\t\t\t\t<div class=\"elementor-column elementor-col-50 elementor-inner-column elementor-element elementor-element-e66085a\" data-id=\"e66085a\" data-element_type=\"column\">\n\t\t\t<div class=\"elementor-widget-wrap elementor-element-populated\">\n\t\t\t\t\t\t<div class=\"elementor-element elementor-element-e299b46 elementor-widget__width-initial elementor-widget-laptop__width-inherit wdt-custom-product-summary elementor-widget elementor-widget-wdt-shop-product-single-summary\" data-id=\"e299b46\" data-element_type=\"widget\" data-settings=\"{&quot;wdt_animation_effect&quot;:&quot;none&quot;}\" data-widget_type=\"wdt-shop-product-single-summary.default\">\n\t\t\t\t<div class=\"elementor-widget-container\">\n\t\t\t\t\t<div class=\"woocommerce single-product\"><div class=\"product\"><div class=\"wdt-product-summary summary entry-summary  \"><div class=\"wdt-single-product-title\"><h2 class=\"product_title entry-title\">Coconut Paste<\/h2><\/div><div class=\"woocommerce-product-details__short-description\">A smooth, naturally sweet coconut spread, bringing a tropical touch to your morning routine.<\/div><div class=\"product-buttons-wrapper product-button product-button-cart align-inline \"><div class=\"wc_inline_buttons\"><div class=\"wcwl_btn_wrapper wc_btn_inline\">\n<form class=\"variations_form cart\" action=\"https:\/\/www.mrsimone.com.tr\/en\/magaza\/paste\/coconut-paste\/\" method=\"post\" enctype='multipart\/form-data' data-product_id=\"2668\" data-product_variations=\"[{&quot;attributes&quot;:{&quot;attribute_pa_agirlik&quot;:&quot;400gr-en&quot;},&quot;availability_html&quot;:&quot;&quot;,&quot;backorders_allowed&quot;:false,&quot;dimensions&quot;:{&quot;length&quot;:&quot;&quot;,&quot;width&quot;:&quot;&quot;,&quot;height&quot;:&quot;&quot;},&quot;dimensions_html&quot;:&quot;N\\\/A&quot;,&quot;display_price&quot;:500,&quot;display_regular_price&quot;:500,&quot;image&quot;:{&quot;title&quot;:&quot;coconut 1&quot;,&quot;caption&quot;:&quot;Mr Simone Hindistan Cevizi Ezmesi&quot;,&quot;url&quot;:&quot;https:\\\/\\\/www.mrsimone.com.tr\\\/wp-content\\\/uploads\\\/2025\\\/02\\\/coconut-1-scaled.jpeg&quot;,&quot;alt&quot;:&quot;Mr Simone Hindistan Cevizi Ezmesi&quot;,&quot;src&quot;:&quot;https:\\\/\\\/www.mrsimone.com.tr\\\/wp-content\\\/uploads\\\/2025\\\/02\\\/coconut-1-1000x1500.jpeg&quot;,&quot;srcset&quot;:&quot;https:\\\/\\\/www.mrsimone.com.tr\\\/wp-content\\\/uploads\\\/2025\\\/02\\\/coconut-1-1000x1500.jpeg 1000w, https:\\\/\\\/www.mrsimone.com.tr\\\/wp-content\\\/uploads\\\/2025\\\/02\\\/coconut-1-200x300.jpeg 200w, https:\\\/\\\/www.mrsimone.com.tr\\\/wp-content\\\/uploads\\\/2025\\\/02\\\/coconut-1-683x1024.jpeg 683w, https:\\\/\\\/www.mrsimone.com.tr\\\/wp-content\\\/uploads\\\/2025\\\/02\\\/coconut-1-768x1152.jpeg 768w, https:\\\/\\\/www.mrsimone.com.tr\\\/wp-content\\\/uploads\\\/2025\\\/02\\\/coconut-1-1024x1536.jpeg 1024w, https:\\\/\\\/www.mrsimone.com.tr\\\/wp-content\\\/uploads\\\/2025\\\/02\\\/coconut-1-1366x2048.jpeg 1366w, https:\\\/\\\/www.mrsimone.com.tr\\\/wp-content\\\/uploads\\\/2025\\\/02\\\/coconut-1-scaled.jpeg 1707w&quot;,&quot;sizes&quot;:&quot;(max-width: 1000px) 100vw, 1000px&quot;,&quot;full_src&quot;:&quot;https:\\\/\\\/www.mrsimone.com.tr\\\/wp-content\\\/uploads\\\/2025\\\/02\\\/coconut-1-scaled.jpeg&quot;,&quot;full_src_w&quot;:1707,&quot;full_src_h&quot;:2560,&quot;gallery_thumbnail_src&quot;:&quot;https:\\\/\\\/www.mrsimone.com.tr\\\/wp-content\\\/uploads\\\/2025\\\/02\\\/coconut-1-100x100.jpeg&quot;,&quot;gallery_thumbnail_src_w&quot;:100,&quot;gallery_thumbnail_src_h&quot;:100,&quot;thumb_src&quot;:&quot;https:\\\/\\\/www.mrsimone.com.tr\\\/wp-content\\\/uploads\\\/2025\\\/02\\\/coconut-1-1000x1500.jpeg&quot;,&quot;thumb_src_w&quot;:1000,&quot;thumb_src_h&quot;:1500,&quot;src_w&quot;:1000,&quot;src_h&quot;:1500},&quot;image_id&quot;:2652,&quot;is_downloadable&quot;:false,&quot;is_in_stock&quot;:true,&quot;is_purchasable&quot;:true,&quot;is_sold_individually&quot;:&quot;no&quot;,&quot;is_virtual&quot;:false,&quot;max_qty&quot;:&quot;&quot;,&quot;min_qty&quot;:1,&quot;price_html&quot;:&quot;&lt;span class=\\&quot;price\\&quot;&gt;&lt;span class=\\&quot;woocommerce-Price-amount amount\\&quot;&gt;&lt;bdi&gt;500.00&lt;span class=\\&quot;woocommerce-Price-currencySymbol\\&quot;&gt;&amp;#8378;&lt;\\\/span&gt;&lt;\\\/bdi&gt;&lt;\\\/span&gt;&lt;\\\/span&gt;&quot;,&quot;sku&quot;:&quot;&quot;,&quot;variation_description&quot;:&quot;&quot;,&quot;variation_id&quot;:2669,&quot;variation_is_active&quot;:true,&quot;variation_is_visible&quot;:true,&quot;weight&quot;:&quot;400&quot;,&quot;weight_html&quot;:&quot;400 g&quot;},{&quot;attributes&quot;:{&quot;attribute_pa_agirlik&quot;:&quot;800gr-en&quot;},&quot;availability_html&quot;:&quot;&quot;,&quot;backorders_allowed&quot;:false,&quot;dimensions&quot;:{&quot;length&quot;:&quot;&quot;,&quot;width&quot;:&quot;&quot;,&quot;height&quot;:&quot;&quot;},&quot;dimensions_html&quot;:&quot;N\\\/A&quot;,&quot;display_price&quot;:1000,&quot;display_regular_price&quot;:1000,&quot;image&quot;:{&quot;title&quot;:&quot;coconut 1&quot;,&quot;caption&quot;:&quot;Mr Simone Hindistan Cevizi Ezmesi&quot;,&quot;url&quot;:&quot;https:\\\/\\\/www.mrsimone.com.tr\\\/wp-content\\\/uploads\\\/2025\\\/02\\\/coconut-1-scaled.jpeg&quot;,&quot;alt&quot;:&quot;Mr Simone Hindistan Cevizi Ezmesi&quot;,&quot;src&quot;:&quot;https:\\\/\\\/www.mrsimone.com.tr\\\/wp-content\\\/uploads\\\/2025\\\/02\\\/coconut-1-1000x1500.jpeg&quot;,&quot;srcset&quot;:&quot;https:\\\/\\\/www.mrsimone.com.tr\\\/wp-content\\\/uploads\\\/2025\\\/02\\\/coconut-1-1000x1500.jpeg 1000w, https:\\\/\\\/www.mrsimone.com.tr\\\/wp-content\\\/uploads\\\/2025\\\/02\\\/coconut-1-200x300.jpeg 200w, https:\\\/\\\/www.mrsimone.com.tr\\\/wp-content\\\/uploads\\\/2025\\\/02\\\/coconut-1-683x1024.jpeg 683w, https:\\\/\\\/www.mrsimone.com.tr\\\/wp-content\\\/uploads\\\/2025\\\/02\\\/coconut-1-768x1152.jpeg 768w, https:\\\/\\\/www.mrsimone.com.tr\\\/wp-content\\\/uploads\\\/2025\\\/02\\\/coconut-1-1024x1536.jpeg 1024w, https:\\\/\\\/www.mrsimone.com.tr\\\/wp-content\\\/uploads\\\/2025\\\/02\\\/coconut-1-1366x2048.jpeg 1366w, https:\\\/\\\/www.mrsimone.com.tr\\\/wp-content\\\/uploads\\\/2025\\\/02\\\/coconut-1-scaled.jpeg 1707w&quot;,&quot;sizes&quot;:&quot;(max-width: 1000px) 100vw, 1000px&quot;,&quot;full_src&quot;:&quot;https:\\\/\\\/www.mrsimone.com.tr\\\/wp-content\\\/uploads\\\/2025\\\/02\\\/coconut-1-scaled.jpeg&quot;,&quot;full_src_w&quot;:1707,&quot;full_src_h&quot;:2560,&quot;gallery_thumbnail_src&quot;:&quot;https:\\\/\\\/www.mrsimone.com.tr\\\/wp-content\\\/uploads\\\/2025\\\/02\\\/coconut-1-100x100.jpeg&quot;,&quot;gallery_thumbnail_src_w&quot;:100,&quot;gallery_thumbnail_src_h&quot;:100,&quot;thumb_src&quot;:&quot;https:\\\/\\\/www.mrsimone.com.tr\\\/wp-content\\\/uploads\\\/2025\\\/02\\\/coconut-1-1000x1500.jpeg&quot;,&quot;thumb_src_w&quot;:1000,&quot;thumb_src_h&quot;:1500,&quot;src_w&quot;:1000,&quot;src_h&quot;:1500},&quot;image_id&quot;:2652,&quot;is_downloadable&quot;:false,&quot;is_in_stock&quot;:true,&quot;is_purchasable&quot;:true,&quot;is_sold_individually&quot;:&quot;no&quot;,&quot;is_virtual&quot;:false,&quot;max_qty&quot;:&quot;&quot;,&quot;min_qty&quot;:1,&quot;price_html&quot;:&quot;&lt;span class=\\&quot;price\\&quot;&gt;&lt;span class=\\&quot;woocommerce-Price-amount amount\\&quot;&gt;&lt;bdi&gt;1,000.00&lt;span class=\\&quot;woocommerce-Price-currencySymbol\\&quot;&gt;&amp;#8378;&lt;\\\/span&gt;&lt;\\\/bdi&gt;&lt;\\\/span&gt;&lt;\\\/span&gt;&quot;,&quot;sku&quot;:&quot;&quot;,&quot;variation_description&quot;:&quot;&quot;,&quot;variation_id&quot;:2670,&quot;variation_is_active&quot;:true,&quot;variation_is_visible&quot;:true,&quot;weight&quot;:&quot;800&quot;,&quot;weight_html&quot;:&quot;800 g&quot;}]\">\n\t\n\t\t\t<table class=\"variations\" cellspacing=\"0\" role=\"presentation\">\n\t\t\t<tbody>\n\t\t\t\t\t\t\t\t\t<tr>\n\t\t\t\t\t\t<th class=\"label\"><label for=\"pa_agirlik\">Weight<\/label><\/th>\n\t\t\t\t\t\t<td class=\"value\">\n\t\t\t\t\t\t\t<select id=\"pa_agirlik\" class=\"\" name=\"attribute_pa_agirlik\" data-attribute_name=\"attribute_pa_agirlik\" data-show_option_none=\"yes\"><option value=\"\">Choose an option<\/option><option value=\"400gr-en\" >400gr<\/option><option value=\"800gr-en\"  selected='selected'>800gr<\/option><\/select><a class=\"reset_variations\" href=\"#\" aria-label=\"Clear options\">Clear<\/a>\t\t\t\t\t\t<\/td>\n\t\t\t\t\t<\/tr>\n\t\t\t\t\t\t\t<\/tbody>\n\t\t<\/table>\n\t\t<div class=\"reset_variations_alert screen-reader-text\" role=\"alert\" aria-live=\"polite\" aria-relevant=\"all\"><\/div>\n\t\t\n\t\t<div class=\"single_variation_wrap\">\n\t\t\t<div class=\"woocommerce-variation single_variation\"><\/div><div class=\"woocommerce-variation-add-to-cart variations_button\">\n\t\n\t\t<div class=\"quantity quantity-with-plusminus\">\r\n\t\t\t\t\t<input type=\"button\" value=\"-\" class=\"minus\" \/>\r\n\t\t\t\t\t<label class=\"screen-reader-text\" for=\"quantity_69e24b8b65a4e\">Coconut Paste quantity<\/label>\r\n\t\t<input\r\n\t\t\ttype=\"number\"\r\n\t\t\tid=\"quantity_69e24b8b65a4e\"\r\n\t\t\tclass=\"input-text qty text\"\r\n\t\t\tstep=\"1\"\r\n\t\t\tmin=\"1\"\r\n\t\t\tmax=\"\"\r\n\t\t\tname=\"quantity\"\r\n\t\t\tvalue=\"1\"\r\n\t\t\ttitle=\"Qty\"\r\n\t\t\tplaceholder=\"\"\r\n\t\t\tinputmode=\"numeric\" \/>\r\n\t\t\r\n\t\t\t\t\t<input type=\"button\" value=\"+\" class=\"plus\" \/>\r\n\t\t\t\t<\/div>\n\t<button type=\"submit\" class=\"single_add_to_cart_button button alt\">Add to cart<\/button>\n\n\t\n\t<input type=\"hidden\" name=\"add-to-cart\" value=\"2668\" \/>\n\t<input type=\"hidden\" name=\"product_id\" value=\"2668\" \/>\n\t<input type=\"hidden\" name=\"variation_id\" class=\"variation_id\" value=\"0\" \/>\n<\/div>\n\t\t<\/div>\n\t\n\t<\/form>\n\n<\/div><\/div><\/div><div class=\"wdt-single-product-clear\"><\/div><div class=\"product-buttons-wrapper product-button style-skin-bgfill  align-inline \"><div class=\"wc_inline_buttons\"><\/div><\/div><\/div><\/div><\/div>\t\t\t\t<\/div>\n\t\t\t\t<\/div>\n\t\t\t\t<div class=\"elementor-element elementor-element-5960650 elementor-widget__width-initial wdt-custom-product-detail-toggle elementor-widget elementor-widget-wdt-accordion-and-toggle\" data-id=\"5960650\" data-element_type=\"widget\" data-settings=\"{&quot;wdt_animation_effect&quot;:&quot;none&quot;}\" data-widget_type=\"wdt-accordion-and-toggle.default\">\n\t\t\t\t<div class=\"elementor-widget-container\">\n\t\t\t\t\t<div class=\"wdt-accordion-toggle-holder wdt-module-accordion wdt-template-simple wdt-expand-collapse-position-end\" id=\"wdt-accordion-and-toggle-5960650\"><div class=\"wdt-accordion-toggle-wrapper\"><div class=\"wdt-accordion-toggle-title-holder\"><div class=\"wdt-accordion-toggle-title\">Besin \u00d6\u011feleri<\/div><div class=\"wdt-accordion-toggle-icon\"><div class=\"wdt-accordion-toggle-icon-expand\"><svg xmlns=\"http:\/\/www.w3.org\/2000\/svg\" xmlns:xlink=\"http:\/\/www.w3.org\/1999\/xlink\" x=\"0px\" y=\"0px\" viewBox=\"0 0 25 15\" style=\"enable-background:new 0 0 25 15;\" xml:space=\"preserve\"><g transform=\"translate(0 0)\">\t<path d=\"M1.5,7.5c0-0.5,0.4-0.9,0.9-0.9c0,0,0,0,0,0h9.8V1.5c0-0.5,0.4-0.9,0.9-0.9c0.2,0,0.3,0,0.5,0.1l9.5,6  C23.5,7,23.7,7.6,23.4,8c-0.1,0.1-0.2,0.2-0.3,0.3l-9.5,6c-0.4,0.3-1,0.1-1.2-0.3c-0.1-0.1-0.1-0.3-0.1-0.5V8.4H2.4  C1.9,8.4,1.5,8,1.5,7.5C1.5,7.5,1.5,7.5,1.5,7.5z M14,3.1v8.7l6.9-4.4L14,3.1z\"><\/path><\/g><\/svg><\/div><div class=\"wdt-accordion-toggle-icon-collapse\"><svg xmlns=\"http:\/\/www.w3.org\/2000\/svg\" xmlns:xlink=\"http:\/\/www.w3.org\/1999\/xlink\" x=\"0px\" y=\"0px\" viewBox=\"0 0 10 14\" style=\"enable-background:new 0 0 10 14;\" xml:space=\"preserve\"><g transform=\"translate(6 3)\">\t<path d=\"M-1-2.5c0.3,0,0.5,0.2,0.5,0.5c0,0,0,0,0,0v5.8h3c0.3,0,0.5,0.2,0.5,0.5c0,0.1,0,0.2-0.1,0.3l-3.5,5.6  c-0.2,0.2-0.5,0.3-0.7,0.2c-0.1,0-0.1-0.1-0.2-0.2L-5,4.6c-0.2-0.2-0.1-0.6,0.2-0.7c0.1-0.1,0.2-0.1,0.3-0.1h3V-2  C-1.5-2.3-1.3-2.5-1-2.5z M1.6,4.9h-5.2L-1,9L1.6,4.9z\"><\/path><\/g><\/svg><\/div><\/div><\/div><div class=\"wdt-accordion-toggle-description\">Besin \u00d6geleri 100 g i\u00e7in <br \/><br \/>\nEnerji\/Energy\t1050 kJ \/ 251 kcal<br \/>\nYa\u011f\/Total Fat\t3,4 g<br \/>\nDoymu\u015f Ya\u011f\/SFA\t2.46 g<br \/>\nTrans Ya\u011f\/TFA\t0,0 g<br \/>\nKarbonhidrat\/Total  Carbohydrate\t50,1 g<br \/>\n\u015eeker\/Sugar\t44,3 g<br \/>\nLif\/Dietary Fiber\t0,0 g<br \/>\nProtein\/Protein\t5,1 g<br \/>\nTuz\/Salt\t0,37 g<\/div><\/div><div class=\"wdt-accordion-toggle-wrapper\"><div class=\"wdt-accordion-toggle-title-holder\"><div class=\"wdt-accordion-toggle-title\">Ek Bilgiler<\/div><div class=\"wdt-accordion-toggle-icon\"><div class=\"wdt-accordion-toggle-icon-expand\"><svg xmlns=\"http:\/\/www.w3.org\/2000\/svg\" xmlns:xlink=\"http:\/\/www.w3.org\/1999\/xlink\" x=\"0px\" y=\"0px\" viewBox=\"0 0 25 15\" style=\"enable-background:new 0 0 25 15;\" xml:space=\"preserve\"><g transform=\"translate(0 0)\">\t<path d=\"M1.5,7.5c0-0.5,0.4-0.9,0.9-0.9c0,0,0,0,0,0h9.8V1.5c0-0.5,0.4-0.9,0.9-0.9c0.2,0,0.3,0,0.5,0.1l9.5,6  C23.5,7,23.7,7.6,23.4,8c-0.1,0.1-0.2,0.2-0.3,0.3l-9.5,6c-0.4,0.3-1,0.1-1.2-0.3c-0.1-0.1-0.1-0.3-0.1-0.5V8.4H2.4  C1.9,8.4,1.5,8,1.5,7.5C1.5,7.5,1.5,7.5,1.5,7.5z M14,3.1v8.7l6.9-4.4L14,3.1z\"><\/path><\/g><\/svg><\/div><div class=\"wdt-accordion-toggle-icon-collapse\"><svg xmlns=\"http:\/\/www.w3.org\/2000\/svg\" xmlns:xlink=\"http:\/\/www.w3.org\/1999\/xlink\" x=\"0px\" y=\"0px\" viewBox=\"0 0 10 14\" style=\"enable-background:new 0 0 10 14;\" xml:space=\"preserve\"><g transform=\"translate(6 3)\">\t<path d=\"M-1-2.5c0.3,0,0.5,0.2,0.5,0.5c0,0,0,0,0,0v5.8h3c0.3,0,0.5,0.2,0.5,0.5c0,0.1,0,0.2-0.1,0.3l-3.5,5.6  c-0.2,0.2-0.5,0.3-0.7,0.2c-0.1,0-0.1-0.1-0.2-0.2L-5,4.6c-0.2-0.2-0.1-0.6,0.2-0.7c0.1-0.1,0.2-0.1,0.3-0.1h3V-2  C-1.5-2.3-1.3-2.5-1-2.5z M1.6,4.9h-5.2L-1,9L1.6,4.9z\"><\/path><\/g><\/svg><\/div><\/div><\/div><div class=\"wdt-accordion-toggle-description\">S\u00fct Re\u00e7eli \/ Milk Jam<br \/>\nTR \u0130\u00e7indekiler: \u015eeker, inek s\u00fct\u00fc. Kabartma tozu<br \/>\nSaklama ko\u015fullar\u0131: Serin ve kuru yerde saklay\u0131n\u0131z. A\u00e7\u0131ld\u0131ktan sonra buzdolab\u0131nda saklay\u0131n\u0131z. <br \/>\nTETT: Ambalaj a\u00e7\u0131ld\u0131ktan sonra 6 ayd\u0131r.<br \/>\nAlerjen uyar\u0131s\u0131: \u0130nek s\u00fct\u00fc i\u00e7ermektedir.<br \/>\nMen\u015fei \u00dclke: T\u00fcrkiye<br \/>\nTR-34-K-245734<\/div><\/div><\/div>\t\t\t\t<\/div>\n\t\t\t\t<\/div>\n\t\t\t\t\t<\/div>\n\t\t<\/div>\n\t\t\t\t\t<\/div>\n\t\t<\/section>\n\t\t\t\t\t<\/div>\n\t\t<\/div>\n\t\t\t\t\t<\/div>\n\t\t<\/section>\n\t\t\t\t<section class=\"elementor-section elementor-top-section elementor-element elementor-element-234b41d elementor-section-boxed elementor-section-height-default elementor-section-height-default\" data-id=\"234b41d\" data-element_type=\"section\" data-settings=\"{&quot;wdt_bg_image&quot;:{&quot;url&quot;:&quot;&quot;,&quot;id&quot;:&quot;&quot;,&quot;size&quot;:&quot;&quot;},&quot;wdt_bg_image_laptop&quot;:{&quot;url&quot;:&quot;&quot;,&quot;id&quot;:&quot;&quot;,&quot;size&quot;:&quot;&quot;},&quot;wdt_bg_image_tablet_extra&quot;:{&quot;url&quot;:&quot;&quot;,&quot;id&quot;:&quot;&quot;,&quot;size&quot;:&quot;&quot;},&quot;wdt_bg_image_tablet&quot;:{&quot;url&quot;:&quot;&quot;,&quot;id&quot;:&quot;&quot;,&quot;size&quot;:&quot;&quot;},&quot;wdt_bg_image_mobile_extra&quot;:{&quot;url&quot;:&quot;&quot;,&quot;id&quot;:&quot;&quot;,&quot;size&quot;:&quot;&quot;},&quot;wdt_bg_image_mobile&quot;:{&quot;url&quot;:&quot;&quot;,&quot;id&quot;:&quot;&quot;,&quot;size&quot;:&quot;&quot;},&quot;wdt_bg_position&quot;:&quot;center center&quot;,&quot;wdt_animation_effect&quot;:&quot;none&quot;}\">\n\t\t\t\t\t\t<div class=\"elementor-container elementor-column-gap-no\">\n\t\t\t\t\t<div class=\"elementor-column elementor-col-100 elementor-top-column elementor-element elementor-element-72c6632\" data-id=\"72c6632\" data-element_type=\"column\">\n\t\t\t<div class=\"elementor-widget-wrap\">\n\t\t\t\t\t\t\t<\/div>\n\t\t<\/div>\n\t\t\t\t\t<\/div>\n\t\t<\/section>\n\t\t\t\t<\/div>\n\t\t","protected":false},"excerpt":{"rendered":"<p>A smooth, naturally sweet coconut spread, bringing a tropical touch to your morning routine.<\/p>\n","protected":false},"featured_media":2652,"template":"","meta":[],"product_brand":[],"product_cat":[71],"product_tag":[],"class_list":{"0":"post-2668","1":"product","2":"type-product","3":"status-publish","4":"has-post-thumbnail","6":"product_cat-paste","9":"instock","10":"shipping-taxable","11":"purchasable","12":"product-type-variable","13":"has-default-attributes","14":"product-grid-view"},"_links":{"self":[{"href":"https:\/\/www.mrsimone.com.tr\/en\/wp-json\/wp\/v2\/product\/2668","targetHints":{"allow":["GET"]}}],"collection":[{"href":"https:\/\/www.mrsimone.com.tr\/en\/wp-json\/wp\/v2\/product"}],"about":[{"href":"https:\/\/www.mrsimone.com.tr\/en\/wp-json\/wp\/v2\/types\/product"}],"version-history":[{"count":4,"href":"https:\/\/www.mrsimone.com.tr\/en\/wp-json\/wp\/v2\/product\/2668\/revisions"}],"predecessor-version":[{"id":2674,"href":"https:\/\/www.mrsimone.com.tr\/en\/wp-json\/wp\/v2\/product\/2668\/revisions\/2674"}],"wp:featuredmedia":[{"embeddable":true,"href":"https:\/\/www.mrsimone.com.tr\/en\/wp-json\/wp\/v2\/media\/2652"}],"wp:attachment":[{"href":"https:\/\/www.mrsimone.com.tr\/en\/wp-json\/wp\/v2\/media?parent=2668"}],"wp:term":[{"taxonomy":"product_brand","embeddable":true,"href":"https:\/\/www.mrsimone.com.tr\/en\/wp-json\/wp\/v2\/product_brand?post=2668"},{"taxonomy":"product_cat","embeddable":true,"href":"https:\/\/www.mrsimone.com.tr\/en\/wp-json\/wp\/v2\/product_cat?post=2668"},{"taxonomy":"product_tag","embeddable":true,"href":"https:\/\/www.mrsimone.com.tr\/en\/wp-json\/wp\/v2\/product_tag?post=2668"}],"curies":[{"name":"wp","href":"https:\/\/api.w.org\/{rel}","templated":true}]}}